{"id":1990,"date":"2017-01-29T06:54:17","date_gmt":"2017-01-29T06:54:17","guid":{"rendered":"https:\/\/marrs-forwarding.pl\/homepage-1\/"},"modified":"2024-08-13T14:52:42","modified_gmt":"2024-08-13T14:52:42","slug":"homepage-1","status":"publish","type":"page","link":"https:\/\/marrs-forwarding.pl\/ru\/","title":{"rendered":"Spedycja mi\u0119dzynarodowa Gda\u0144sk  &#8212; Transport multimodalny"},"content":{"rendered":"<div class=\"wpb-content-wrapper\"><p>[vc_row el_class=&#187;disable-mobile&#187;][vc_column][rev_slider_vc alias=&#187;slider1&#8243;][\/vc_column][\/vc_row][vc_row css=&#187;.vc_custom_1489063676994{padding-top: 30px !important;padding-bottom: 30px !important;}&#187;][vc_column offset=&#187;vc_col-lg-4 vc_col-md-12 vc_col-xs-12&#8243;][vc_column_text]<\/p>\n<p class=\"section-title\"><span style=\"font-size: 24pt; font-family: 'times new roman', times, serif;\"><strong>O nas<\/strong><\/span><\/p>\n<p>MARRS FORWARDING to nowoczesna <strong>firma spedycyjna,<\/strong> z siedzib\u0105 w Gda\u0144sku, kt\u00f3rej <span style=\"font-family: arial, helvetica, sans-serif;\">celem<\/span> jest zapewnienie klientom kompleksowej obs\u0142ugi w zakresie <strong>spedycji krajowej i mi\u0119dzynarodowej.<\/strong><\/p>\n<p>Korzystaj\u0105c z do\u015bwiadczenia i zaanga\u017cowania naszego zespo\u0142u, jeste\u015bmy w stanie zorganizowa\u0107 przew\u00f3z Pa\u0144stwa \u0142adunku, przy u\u017cyciu ka\u017cdego rodzaju transportu. Wsp\u00f3\u0142pracujemy ze sprawdzonymi przewo\u017anikami \u2013 krajowymi i zagranicznymi. Zapewniamy obs\u0142ug\u0119 spedycyjn\u0105 na terenie ca\u0142ego \u015bwiata.<\/p>\n<h3><span style=\"font-size: 12pt;\">Spedycja mi\u0119dzynarodowa Gda\u0144sk &#8212; Transport multimodalny<\/span><\/h3>\n<p>[\/vc_column_text][\/vc_column][vc_column offset=&#187;vc_col-lg-8 vc_col-md-12 vc_col-xs-12&#8243;]\r\n\t\t\t<div  class=\"infoblock banners-wrap type-1  fx-cols-2\">\r\n\t\t\t\r\n\t\t\t\t\t\t\t\r\n\t\t\t\r\n\t\t\t\t\r\n\t\t\t\t\t\t<a class=\"banner-item\" title=\"Kontakt\" target=\"_blank\" href=\"https:\/\/marrs-forwarding.pl\/kontakt\/\">\r\n\t\t\t\t\t\t\r\n\t\t\t<div class=\"banner-inner\">\t\t\t\r\n\t\t\t\t\t\t\t\t\t<h5 class=\"banner-title\">Pe\u0142na obs\u0142uga celna<\/h5>\r\n\t\t\t\t\t\r\n\t\t\t\t\r\n\t\t\t\t<p>Wsp\u00f3\u0142pracujemy z agencjami celnymi z ca\u0142ego \u015bwiata.<\/p>\n\t\r\n\r\n\t\t\t\t\t\t\t\t<div class=\"btn btn-small\">Kontakt<\/div>\r\n\t\t\t\t\t\t\t\t\r\n\t\t\t\t\t\t\t\t\t\t\t\t\t\t\t\t\t<i class=\"licon-quote-open\"><\/i>\r\n\t\t\t\t\t\t\t\t\t\t\t\r\n\t\t\t\t\t\t\t\t<\/div>\t\r\n\t\t\t\r\n\t\t\t\t\t\t<\/a>\r\n\t\t\t\r\n\t\t\t\r\n\t\t\t\r\n\t\t\t\r\n\t\t\t\t\t\t<a class=\"banner-item\" title=\"Oferta\" target=\"_blank\" href=\"https:\/\/marrs-forwarding.pl\/oferta\/\">\r\n\t\t\t\t\t\t\r\n\t\t\t<div class=\"banner-inner\">\t\t\t\r\n\t\t\t\t\t\t\t\t\t<h5 class=\"banner-title\">Prze\u0142adunek i magazyny<\/h5>\r\n\t\t\t\t\t\r\n\t\t\t\t\r\n\t\t\t\t<p>Posiadamy sie\u0107 magazyn\u00f3w w pobli\u017cu port\u00f3w i terminali kontenerowych.<\/p>\n\t\r\n\r\n\t\t\t\t\t\t\t\t<div class=\"btn btn-small\">Oferta<\/div>\r\n\t\t\t\t\t\t\t\t\r\n\t\t\t\t\t\t\t\t\t\t\t\t\t\t\t\t\t<i class=\"licon-dolly\"><\/i>\r\n\t\t\t\t\t\t\t\t\t\t\t\r\n\t\t\t\t\t\t\t\t<\/div>\t\r\n\t\t\t\r\n\t\t\t\t\t\t<\/a>\r\n\t\t\t\r\n\t\t\t\r\n\t\t\t\r\n\t\t\t\r\n\t\t\t\t\t\t<a class=\"banner-item\" title=\"Oferta\" target=\"_blank\" href=\"https:\/\/marrs-forwarding.pl\/oferta\/\">\r\n\t\t\t\t\t\t\r\n\t\t\t<div class=\"banner-inner\">\t\t\t\r\n\t\t\t\t\t\t\t\t\t<h5 class=\"banner-title\">Transport multimodalny<\/h5>\r\n\t\t\t\t\t\r\n\t\t\t\t\r\n\t\t\t\t<p>Zapewniamy przew\u00f3z \u0142adunku przy u\u017cyciu r\u00f3\u017cnych ga\u0142\u0119zi transportu.<\/p>\n\t\r\n\r\n\t\t\t\t\t\t\t\t<div class=\"btn btn-small\">Oferta<\/div>\r\n\t\t\t\t\t\t\t\t\r\n\t\t\t\t\t\t\t\t\t\t\t\t\t\t\t\t\t<i class=\"licon-calculator2\"><\/i>\r\n\t\t\t\t\t\t\t\t\t\t\t\r\n\t\t\t\t\t\t\t\t<\/div>\t\r\n\t\t\t\r\n\t\t\t\t\t\t<\/a>\r\n\t\t\t\r\n\t\t\t\r\n\t\t\t\r\n\t\t\t\r\n\t\t\t\t\t\t<a class=\"banner-item\" title=\"Kontakt\" target=\"_blank\" href=\"https:\/\/marrs-forwarding.pl\/kontakt\/\">\r\n\t\t\t\t\t\t\r\n\t\t\t<div class=\"banner-inner\">\t\t\t\r\n\t\t\t\t\t\t\t\t\t<h5 class=\"banner-title\">Temperatura kontrolowana<\/h5>\r\n\t\t\t\t\t\r\n\t\t\t\t\r\n\t\t\t\t<p>Realizujemy przew\u00f3z \u0142adunku w r\u00f3\u017cnych zakresach temperatury kontrolowanej.<\/p>\n\t\r\n\r\n\t\t\t\t\t\t\t\t<div class=\"btn btn-small\">Kontakt<\/div>\r\n\t\t\t\t\t\t\t\t\r\n\t\t\t\t\t\t\t\t\t\t\t\t\t\t\t\t\t<i class=\"licon-question-circle\"><\/i>\r\n\t\t\t\t\t\t\t\t\t\t\t\r\n\t\t\t\t\t\t\t\t<\/div>\t\r\n\t\t\t\r\n\t\t\t\t\t\t<\/a>\r\n\t\t\t\r\n\t\t\t\r\n\t\t\t\r\n\t\t\t\t\t\t\t\r\n\t\t\t\t\r\n\t\t\t<\/div><!--\/ .infoblock-->\r\n\r\n\t\t\t[\/vc_column][\/vc_row][vc_row full_width=&#187;stretch_row&#187; css=&#187;.vc_custom_1489768173712{margin-top: 0px !important;margin-bottom: 0px !important;padding-top: 70px !important;padding-bottom: 70px !important;background-color: #f8f9fa !important;}&#187;][vc_column][vc_mad_services items=&#187;4&#8243; text_count=&#187;67&#8243; columns=&#187;4&#8243; orderby=&#187;menu_order&#187; title_top=&#187;Sprawd\u017a&#187; title=&#187;Nasze us\u0142ugi&#187;]Specjalizujemy si\u0119 w dostarczaniu konkurencyjnych rozwi\u0105za\u0144 logistycznych w zakresie transportu krajowego i mi\u0119dzynarodowego wraz z us\u0142ugami towarzysz\u0105cymi:<\/p>\n<ul>\n<li>magazynowanie, w tym konfekcjonowanie, prze\u0142adunek i sztauowanie<\/li>\n<li>pe\u0142na obs\u0142uga celna w imporcie i eksporcie<\/li>\n<li>ubezpieczenia cargo \u0142adunku<\/li>\n<\/ul>\n<p>[\/vc_mad_services][vc_row_inner][vc_column_inner width=&#187;1\/3&#8243;][\/vc_column_inner][vc_column_inner width=&#187;1\/3&#8243;][\/vc_column_inner][vc_column_inner width=&#187;1\/3&#8243;][\/vc_column_inner][\/vc_row_inner][\/vc_column][\/vc_row][vc_row full_width=&#187;stretch_row&#187; css=&#187;.vc_custom_1554990320083{margin-bottom: 0px !important;padding-top: 70px !important;padding-bottom: 50px !important;background-color: #d10a11 !important;}&#187;][vc_column width=&#187;1\/3&#8243;][vc_mad_custom_title title_color=&#187;#ffffff&#187; title_top=&#187;TRANSPORT&#187; title=&#187;Rosja i WNP&#187; css=&#187;.vc_custom_1554990195566{margin-bottom: 0px !important;padding-bottom: 0px !important;}&#187;][\/vc_column][vc_column width=&#187;2\/3&#8243; css=&#187;.vc_custom_1488814839612{margin-right: -10px !important;margin-left: -10px !important;}&#187;][vc_column_text]<span style=\"color: #ffffff;\">Rosja oraz kraje WNP to ogromny rynek zbytu dla producent\u00f3w z Unii Europejskiej. Dzi\u0119ki wsp\u00f3\u0142pracy ze wschodnimi partnerami, jeste\u015bmy w stanie zaoferowa\u0107 Pa\u0144stwu kompleksowe us\u0142ugi transportowe do Rosji, Bia\u0142orusi, Kazachstanu, Armenii oraz pozosta\u0142ych kierunk\u00f3w wschodnich. Nasze biuro terenowe mie\u015bci si\u0119 w Kaliningradzie, dzi\u0119ki czemu zapewniamy pe\u0142n\u0105 obs\u0142ug\u0119 celn\u0105 oraz opracowanie niezb\u0119dnej dokumentacji.<\/span>[\/vc_column_text][\/vc_column][\/vc_row][vc_row css=&#187;.vc_custom_1487837854949{margin-bottom: 0px !important;padding-top: 70px !important;padding-bottom: 70px !important;}&#187;][vc_column][vc_mad_custom_title title_top_color=&#187;#aab3b6&#8243; title_color=&#187;#2a2c32&#8243; title_top=&#187;INFORMACJE Z BLOGA&#187; title=&#187;AKTUALNO\u015aCI&#187;][vc_mad_blog_posts blog_style=&#187;blog-carousel&#187; sticky=&#187;&#187; excerpt_count=&#187;170&#8243; posts_per_page=&#187;10&#8243; posts_title_size=&#187;24&#8243;][vc_separator][vc_row_inner][vc_column_inner width=&#187;1\/4&#8243;][vc_custom_heading text=&#187;Spedycja gda\u0144sk&#187; font_container=&#187;tag:h1|font_size:10px|text_align:left|color:%23c9c9c9&#8243; google_fonts=&#187;font_family:Roboto%3A100%2C100italic%2C300%2C300italic%2Cregular%2Citalic%2C500%2C500italic%2C700%2C700italic%2C900%2C900italic|font_style:400%20regular%3A400%3Anormal&#187;][vc_single_image image=&#187;2178&#8243; img_size=&#187;full&#187; onclick=&#187;link_image&#187; css=&#187;.vc_custom_1719408196230{margin-right: 44px !important;}&#187;][\/vc_column_inner][vc_column_inner width=&#187;1\/4&#8243;][vc_custom_heading text=&#187;Transport mi\u0119dzynarodowy&#187; font_container=&#187;tag:h1|font_size:10px|text_align:left|color:%23c9c9c9&#8243; google_fonts=&#187;font_family:Roboto%3A100%2C100italic%2C300%2C300italic%2Cregular%2Citalic%2C500%2C500italic%2C700%2C700italic%2C900%2C900italic|font_style:400%20regular%3A400%3Anormal&#187;][vc_single_image image=&#187;2183&#8243; img_size=&#187;full&#187; css=&#187;.vc_custom_1719408202231{margin-right: 44px !important;}&#187;][\/vc_column_inner][vc_column_inner width=&#187;1\/4&#8243;][vc_custom_heading text=&#187;Transport multimodalny&#187; font_container=&#187;tag:h2|font_size:10px|text_align:left|color:%23c9c9c9&#8243; google_fonts=&#187;font_family:Roboto%3A100%2C100italic%2C300%2C300italic%2Cregular%2Citalic%2C500%2C500italic%2C700%2C700italic%2C900%2C900italic|font_style:400%20regular%3A400%3Anormal&#187;][vc_single_image image=&#187;2186&#8243; img_size=&#187;full&#187; css=&#187;.vc_custom_1719408212754{margin-right: 44px !important;}&#187;][\/vc_column_inner][vc_column_inner width=&#187;1\/4&#8243;][vc_custom_heading text=&#187;Firma spedycyjna Gda\u0144sk&#187; font_container=&#187;tag:h2|font_size:10px|text_align:left|color:%23c9c9c9&#8243; google_fonts=&#187;font_family:Roboto%3A100%2C100italic%2C300%2C300italic%2Cregular%2Citalic%2C500%2C500italic%2C700%2C700italic%2C900%2C900italic|font_style:400%20regular%3A400%3Anormal&#187;][vc_single_image image=&#187;2189&#8243; img_size=&#187;full&#187; css=&#187;.vc_custom_1719408266575{margin-right: 44px !important;}&#187;][\/vc_column_inner][\/vc_row_inner][\/vc_column][\/vc_row][vc_row][vc_column][vc_column_text]MARRS Forwarding:\u00a0 To <strong>firma spedycyjna<\/strong> z siedzib\u0105 w Gda\u0144sku. Oferujemy kompleksow\u0105 obs\u0142ug\u0119 w zakresie transportu krajowego i mi\u0119dzynarodowego. Nasz zesp\u00f3\u0142 to do\u015bwiadczeni specjali\u015bci w dziedzinie logistyki. Obs\u0142ugujemy <a href=\"https:\/\/marrs-forwarding.pl\/services\/transport-drogowy\/\">przewozy drogowe<\/a>, morskie, powietrzne i kolejowe na terenie ca\u0142ego \u015bwiata Specjalizujemy si\u0119 w dostarczaniu kompleksowych us\u0142ug spedycyjnych, dostosowanych do indywidualnych potrzeb klient\u00f3w w Gda\u0144sku i mi\u0119dzynarodowo. Oferujemy przew\u00f3z \u0142adunk\u00f3w drogowych, morskich i lotniczych oraz <a href=\"https:\/\/marrs-forwarding.pl\/services\/transport-kolejowy\/\">transport kolejowy<\/a>.<br \/>\nFirma transportowa \u015bwiadczy us\u0142ugi spedycyjne w Gda\u0144sku, w tym transport krajowy i mi\u0119dzynarodowy.<br \/>\nWykwalifikowany personel, dba o bezpiecze\u0144stwo \u0142adunk\u00f3w na najwy\u017cszym poziomie .[\/vc_column_text][\/vc_column][\/vc_row]<\/p>\n<\/div>","protected":false},"excerpt":{"rendered":"<p>[vc_row el_class=&#187;disable-mobile&#187;][vc_column][rev_slider_vc alias=&#187;slider1&#8243;][\/vc_column][\/vc_row][vc_row css=&#187;.vc_custom_1489063676994{padding-top: 30px !important;padding-bottom: 30px !important;}&#187;][vc_column offset=&#187;vc_col-lg-4 vc_col-md-12 vc_col-xs-12&#8243;][vc_column_text] O nas MARRS FORWARDING to nowoczesna firma spedycyjna, z siedzib\u0105 w Gda\u0144sku, kt\u00f3rej celem jest zapewnienie klientom kompleksowej obs\u0142ugi w zakresie spedycji krajowej i mi\u0119dzynarodowej. Korzystaj\u0105c z do\u015bwiadczenia i zaanga\u017cowania naszego zespo\u0142u, jeste\u015bmy w stanie zorganizowa\u0107 przew\u00f3z Pa\u0144stwa \u0142adunku, przy u\u017cyciu ka\u017cdego rodzaju transportu. [&hellip;]<\/p>\n","protected":false},"author":1,"featured_media":0,"parent":0,"menu_order":0,"comment_status":"closed","ping_status":"closed","template":"page_home.php","meta":{"rank_math_lock_modified_date":false,"footnotes":""},"class_list":["post-1990","page","type-page","status-publish","hentry"],"_links":{"self":[{"href":"https:\/\/marrs-forwarding.pl\/ru\/wp-json\/wp\/v2\/pages\/1990"}],"collection":[{"href":"https:\/\/marrs-forwarding.pl\/ru\/wp-json\/wp\/v2\/pages"}],"about":[{"href":"https:\/\/marrs-forwarding.pl\/ru\/wp-json\/wp\/v2\/types\/page"}],"author":[{"embeddable":true,"href":"https:\/\/marrs-forwarding.pl\/ru\/wp-json\/wp\/v2\/users\/1"}],"replies":[{"embeddable":true,"href":"https:\/\/marrs-forwarding.pl\/ru\/wp-json\/wp\/v2\/comments?post=1990"}],"version-history":[{"count":1,"href":"https:\/\/marrs-forwarding.pl\/ru\/wp-json\/wp\/v2\/pages\/1990\/revisions"}],"predecessor-version":[{"id":2338,"href":"https:\/\/marrs-forwarding.pl\/ru\/wp-json\/wp\/v2\/pages\/1990\/revisions\/2338"}],"wp:attachment":[{"href":"https:\/\/marrs-forwarding.pl\/ru\/wp-json\/wp\/v2\/media?parent=1990"}],"curies":[{"name":"wp","href":"https:\/\/api.w.org\/{rel}","templated":true}]}}